{"id":653,"date":"2024-09-13T09:04:14","date_gmt":"2024-09-13T09:04:14","guid":{"rendered":"https:\/\/www.shop-4-your-smile.de\/?page_id=653"},"modified":"2024-09-13T12:26:44","modified_gmt":"2024-09-13T12:26:44","slug":"accueil","status":"publish","type":"page","link":"https:\/\/www.shop-4-your-smile.de\/fr\/","title":{"rendered":"Accueil"},"content":{"rendered":"\n<div class=\"wp-block-cover is-light full-height groupe-A\" style=\"min-height:100%;aspect-ratio:unset;\"><span aria-hidden=\"true\" class=\"wp-block-cover__background has-background-dim-0 has-background-dim has-background-gradient\" style=\"background:linear-gradient(300deg,rgb(101,112,240) 0%,rgb(231,82,98) 100%)\"><\/span><div class=\"wp-block-cover__inner-container is-layout-flow wp-container-core-cover-is-layout-22223934 wp-block-cover-is-layout-flow\">\n<h1 class=\"wp-block-heading has-text-align-center font-barlow animated zoomIn delay-100ms slow has-base-2-color has-text-color has-link-color wp-elements-b46550d1a09fe2e5eae9f2d8eefb540f\" style=\"font-size:80px;font-style:normal;font-weight:400\">Prenez soin de votre sourire !<\/h1>\n\n\n\n<hr class=\"wp-block-separator has-text-color has-base-2-color has-alpha-channel-opacity has-base-2-background-color has-background ligne container is-style-wide\" style=\"margin-top:var(--wp--preset--spacing--20);margin-bottom:var(--wp--preset--spacing--20)\">\n\n\n\n<p class=\"has-text-align-center container font-barlow animated zoomIn delay-100ms slow has-base-2-color has-text-color has-link-color wp-elements-e01a8ade85b0864be257bab0483a3019\" style=\"font-size:20px;font-style:normal;font-weight:400\">Avoir un sourire radieux n\u2019est pas seulement une question d\u2019esth\u00e9tique, c\u2019est aussi un signe d\u2019une bonne sant\u00e9 dentaire. Un sourire \u00e9clatant booste \u00e9galement la confiance en soi. Retrouvez des conseils pour pr\u00e9server et retrouver un sourire lumineux.<\/p>\n<\/div><\/div>\n\n\n\n<div class=\"wp-block-group is-vertical is-content-justification-stretch is-nowrap is-layout-flex wp-container-core-group-is-layout-5a9d514c wp-block-group-is-layout-flex\">\n<div class=\"html-A\"><\/div>\n<\/div>\n\n\n\n<h2 class=\"wp-block-heading has-text-align-center font-oswald animated zoomIn delay-100ms slow has-text-color has-link-color wp-elements-ef4d8c104ceb0375ba2846c560a91bf7\" style=\"color:#4a4a4a;margin-bottom:var(--wp--preset--spacing--30);font-size:52px;font-style:normal;font-weight:400\">Comment avoir un beau sourire au quotidien<\/h2>\n\n\n\n<p class=\"has-text-align-center font-barlow container animated zoomIn slower has-text-color has-link-color wp-elements-e359dc82d6ec2436354f39fb3582a1c0\" style=\"color:#4a4a4a;margin-bottom:var(--wp--preset--spacing--30);font-size:20px;font-style:normal;font-weight:400\">Il existe quelques astuces et recommandations pour avoir un beau sourire au quotidien.<\/p>\n\n\n\n<figure class=\"wp-block-image aligncenter size-full container\"><img loading=\"lazy\" decoding=\"async\" width=\"127\" height=\"30\" src=\"https:\/\/www.shop-4-your-smile.de\/wp-content\/uploads\/2024\/06\/icon-line.png\" alt=\"\" class=\"wp-image-103\"><\/figure>\n\n\n\n<div class=\"wp-block-columns container col-bloc is-layout-flex wp-container-core-columns-is-layout-8be8d460 wp-block-columns-is-layout-flex\" style=\"padding-top:var(--wp--preset--spacing--30);padding-right:var(--wp--preset--spacing--30);padding-left:var(--wp--preset--spacing--30)\">\n<div class=\"wp-block-column is-vertically-aligned-center box-shadow has-base-2-background-color has-background is-layout-flow wp-container-core-column-is-layout-4662f009 wp-block-column-is-layout-flow\" style=\"border-style:none;border-width:0px;padding-top:var(--wp--preset--spacing--40);padding-right:var(--wp--preset--spacing--40);padding-bottom:var(--wp--preset--spacing--40);padding-left:var(--wp--preset--spacing--40)\">\n<h3 class=\"wp-block-heading has-text-align-center font-oswald has-text-color has-link-color wp-elements-7e4182b77c91206676c81bba87dbdc92\" style=\"color:#4a4a4a;font-size:19px;line-height:1.5;text-transform:uppercase\">Soins dentaires, les tendances !<\/h3>\n\n\n\n<p class=\"has-text-color\" style=\"color:#b0b0b0;font-size:17px\">Comme tous les march\u00e9s, celui des soins dentaires conna\u00eet aussi des tendances. Aujourd\u2019hui, la pose de facettes dentaires (facettes pelliculaires en c\u00e9ramique ou facettes traditionnelles) et d\u2019implants dentaires est tr\u00e8s \u00e0 la mode. De plus en plus de clients cherchent des services sp\u00e9cialis\u00e9s pour rem\u00e9dier \u00e0 des probl\u00e8mes dentaires esth\u00e9tiques et non fonctionnels.<\/p>\n<\/div>\n\n\n\n<div class=\"wp-block-column is-vertically-aligned-stretch box-shadow Col-M has-accent-5-background-color has-background is-layout-flow wp-container-core-column-is-layout-c0603d4e wp-block-column-is-layout-flow\" style=\"border-style:none;border-width:0px;padding-top:var(--wp--preset--spacing--50);padding-right:var(--wp--preset--spacing--40);padding-bottom:var(--wp--preset--spacing--50);padding-left:var(--wp--preset--spacing--40)\">\n<h3 class=\"wp-block-heading has-text-align-center font-oswald has-base-2-color has-text-color has-link-color wp-elements-4aa15ee4618d10c2d9941b3334f03951\" style=\"font-size:19px;text-transform:uppercase\">Gingivite et probl\u00e8mes de gencives<\/h3>\n\n\n\n<p class=\"has-base-2-color has-text-color\" style=\"font-size:17px\">La gencive est d\u2019ordinaire rose p\u00e2le, mais certains signes peuvent sugg\u00e9rer une infection ou une inflammation due \u00e0 des bact\u00e9ries. Pour rem\u00e9dier contre les maladies de la gencive, un d\u00e9tartrage ou un surfa\u00e7age radiculaire sont souvent prescrits. Ensuite, une bonne hygi\u00e8ne bucco-dentaire est \u00e0 respecter.<\/p>\n<\/div>\n\n\n\n<div class=\"wp-block-column is-vertically-aligned-center box-shadow has-base-2-background-color has-background is-layout-flow wp-container-core-column-is-layout-4662f009 wp-block-column-is-layout-flow\" style=\"border-style:none;border-width:0px;padding-top:var(--wp--preset--spacing--40);padding-right:var(--wp--preset--spacing--40);padding-bottom:var(--wp--preset--spacing--40);padding-left:var(--wp--preset--spacing--40)\">\n<h3 class=\"wp-block-heading has-text-align-center font-oswald has-text-color has-link-color wp-elements-a5bc41af0a59f8ad0b437ed8f8e9ff2c\" style=\"color:#4a4a4a;font-size:19px;text-transform:uppercase\">Mauvaise haleine, les solutions\u00a0<\/h3>\n\n\n\n<p class=\"has-text-color\" style=\"color:#b0b0b0;font-size:17px\">La mauvaise haleine est d\u00e9sagr\u00e9able et g\u00eanante. Pour y rem\u00e9dier, il est conseill\u00e9 de faire un brossage dentaire deux fois par jour, au moins, et de brosser \u00e9galement la langue pour se d\u00e9barrasser de toutes les bact\u00e9ries. Utiliser du fil dentaire est aussi une solution. En cas de persistance, il faut se rendre aupr\u00e8s d\u2019une clinique dentaire pour un nettoyage professionnel.<\/p>\n<\/div>\n<\/div>\n\n\n\n<div class=\"wp-block-group group-b has-accent-5-background-color has-background has-global-padding is-layout-constrained wp-block-group-is-layout-constrained\" style=\"padding-top:var(--wp--preset--spacing--60);padding-bottom:var(--wp--preset--spacing--60);background-repeat:no-repeat;background-size:contain;\">\n<h2 class=\"wp-block-heading has-text-align-center animated zoomIn delay-100ms slow has-base-2-color has-text-color has-link-color wp-elements-ca6963a436891e54e393c53aaef634a7\" style=\"margin-bottom:var(--wp--preset--spacing--30);font-size:52px;font-style:normal;font-weight:400\">Comment garder une bonne hygi\u00e8ne dentaire ?<\/h2>\n\n\n\n<p class=\"has-text-align-center animated zoomIn slow has-base-2-color has-text-color has-link-color wp-elements-a5d03fb12b0a979cc4882e2500f4c2ed\" style=\"margin-bottom:var(--wp--preset--spacing--30);font-size:20px\">Pour une bonne hygi\u00e8ne dentaire, il faut un brossage m\u00e9ticuleux matin et soir. Cela permet d\u2019\u00e9viter la formation de plaques et de caries.<\/p>\n\n\n\n<figure class=\"wp-block-image aligncenter size-full container\"><img loading=\"lazy\" decoding=\"async\" width=\"127\" height=\"30\" src=\"https:\/\/www.shop-4-your-smile.de\/wp-content\/uploads\/2024\/06\/icon-line2-1.png\" alt=\"\" class=\"wp-image-673\" style=\"object-fit:cover\"><\/figure>\n\n\n\n<div class=\"wp-block-columns is-layout-flex wp-container-core-columns-is-layout-0417dcf2 wp-block-columns-is-layout-flex\" style=\"margin-top:var(--wp--preset--spacing--40)\">\n<div class=\"wp-block-column is-layout-flow wp-block-column-is-layout-flow\">\n<div class=\"wp-block-gutenberg-custom1-flip-box-block conteneurFlip\" style=\"height:400px\"><div class=\"rectoFlip\" style=\"background-image:url(https:\/\/www.shop-4-your-smile.de\/wp-content\/uploads\/2024\/09\/bains-de-bouche.webp)\"><div class=\"txtRecto\" style=\"color:#ffffff;font-size:24px\">Bains de bouche<\/div><\/div><div class=\"versoFlip\" style=\"background-color:#111111\"><div class=\"txtVerso\" style=\"color:#ffffff;font-size:18px\">En compl\u00e9ment du brossage, l\u2019utilisation d\u2019un bain de bouche quotidien va contribue \u00e0 \u00e9liminer les bact\u00e9ries, le tartre et \u00e0 favoriser le nettoyage des dents et de la cavit\u00e9 buccale.<\/div><\/div><\/div>\n<\/div>\n\n\n\n<div class=\"wp-block-column is-layout-flow wp-block-column-is-layout-flow\">\n<div class=\"wp-block-gutenberg-custom1-flip-box-block conteneurFlip\" style=\"height:400px\"><div class=\"rectoFlip\" style=\"background-image:url(https:\/\/www.shop-4-your-smile.de\/wp-content\/uploads\/2024\/09\/brosses-a-dents-et-accessoires.webp)\"><div class=\"txtRecto\" style=\"color:#ffffff;font-size:24px\">Brosses \u00e0 dents et accessoires<\/div><\/div><div class=\"versoFlip\" style=\"background-color:#111111\"><div class=\"txtVerso\" style=\"color:#ffffff;font-size:18px\">Pour garder une bouche saine, la brosse \u00e0 dents doit \u00eatre bien choisie pour \u00eatre efficace. Les mod\u00e8les \u00e9lectriques sont les plus utilis\u00e9s de nos jours, avec plusieurs accessoires pour parfaire le nettoyage.<\/div><\/div><\/div>\n<\/div>\n\n\n\n<div class=\"wp-block-column is-layout-flow wp-block-column-is-layout-flow\">\n<div class=\"wp-block-gutenberg-custom1-flip-box-block conteneurFlip\" style=\"height:400px\"><div class=\"rectoFlip\" style=\"background-image:url(https:\/\/www.shop-4-your-smile.de\/wp-content\/uploads\/2024\/09\/dentifrice.webp)\"><div class=\"txtRecto\" style=\"color:#ffffff;font-size:24px\">Dentifrices<\/div><\/div><div class=\"versoFlip\" style=\"background-color:#111111\"><div class=\"txtVerso\" style=\"color:#ffffff;font-size:18px\">Le dentifrice joue \u00e9galement un r\u00f4le important dans l\u2019hygi\u00e8ne dentaire. Il faut choisir celui qui r\u00e9pond \u00e0 ses besoins : dentifrice blanchissant, anti-plaque, anti-bact\u00e9rie, ou encore dents sensibles. Il doit seulement contenir du fluor pour renforcer l\u2019\u00e9mail.<\/div><\/div><\/div>\n<\/div>\n<\/div>\n\n\n\n<div class=\"wp-block-columns is-layout-flex wp-container-core-columns-is-layout-f3822c71 wp-block-columns-is-layout-flex\" style=\"margin-top:var(--wp--preset--spacing--20);margin-bottom:var(--wp--preset--spacing--30)\">\n<div class=\"wp-block-column is-layout-flow wp-block-column-is-layout-flow\">\n<div class=\"wp-block-gutenberg-custom1-flip-box-block conteneurFlip\" style=\"height:400px\"><div class=\"rectoFlip\" style=\"background-image:url(https:\/\/www.shop-4-your-smile.de\/wp-content\/uploads\/2024\/09\/gratte-langues.webp)\"><div class=\"txtRecto\" style=\"color:#ffffff;font-size:24px\">Gratte-langues<\/div><\/div><div class=\"versoFlip\" style=\"background-color:#111111\"><div class=\"txtVerso\" style=\"color:#ffffff;font-size:18px\">Peu connu, le gratte-langue permet de se d\u00e9barrasser des bact\u00e9ries buccales. Il contribue surtout \u00e0 endiguer la mauvaise haleine, mais contribue \u00e9galement \u00e0 retrouver le go\u00fbt des aliments, \u00e0 renforcer les d\u00e9fenses immunitaires et \u00e0 prendre soin de son hygi\u00e8ne buccale.<\/div><\/div><\/div>\n<\/div>\n\n\n\n<div class=\"wp-block-column is-layout-flow wp-block-column-is-layout-flow\">\n<div class=\"wp-block-gutenberg-custom1-flip-box-block conteneurFlip\" style=\"height:400px\"><div class=\"rectoFlip\" style=\"background-image:url(https:\/\/www.shop-4-your-smile.de\/wp-content\/uploads\/2024\/09\/hydropulseur-et-irrigateur.webp)\"><div class=\"txtRecto\" style=\"color:#ffffff;font-size:24px\">Hydropulseurs et irrigateurs<\/div><\/div><div class=\"versoFlip\" style=\"background-color:#111111\"><div class=\"txtVerso\" style=\"color:#ffffff;font-size:18px\">Un hydropulseur (appel\u00e9 aussi irrigateur oral) est un dispositif de soins \u00e0 domicile, qui utilise un jet d\u2019eau puls\u00e9 pour \u00e9liminer la plaque dentaire et les d\u00e9bris alimentaires entre les dents et sous la gencive et d\u2019am\u00e9liorer la sant\u00e9 gingivale.<\/div><\/div><\/div>\n<\/div>\n\n\n\n<div class=\"wp-block-column is-layout-flow wp-block-column-is-layout-flow\">\n<div class=\"wp-block-gutenberg-custom1-flip-box-block conteneurFlip\" style=\"height:400px\"><div class=\"rectoFlip\" style=\"background-image:url(https:\/\/www.shop-4-your-smile.de\/wp-content\/uploads\/2024\/09\/hygiene-inter-dentaire.webp)\"><div class=\"txtRecto\" style=\"color:#ffffff;font-size:24px\">Hygi\u00e8ne inter-dentaire<\/div><\/div><div class=\"versoFlip\" style=\"background-color:#111111\"><div class=\"txtVerso\" style=\"color:#ffffff;font-size:18px\">Il y a \u00e9galement d\u2019autres accessoires qui sont plus ou moins n\u00e9cessaires pour l\u2019hygi\u00e8ne dentaire. C\u2019est le cas notamment des brossettes interdentaires (qui ne sont pas uniquement r\u00e9serv\u00e9s \u00e0 ceux qui portent un appareil dentaire) ou du fil dentaire.<\/div><\/div><\/div>\n<\/div>\n<\/div>\n<\/div>\n\n\n\n<div class=\"wp-block-group is-vertical is-content-justification-stretch is-nowrap is-layout-flex wp-container-core-group-is-layout-5a9d514c wp-block-group-is-layout-flex\">\n<div class=\"html-A\"><\/div>\n<\/div>\n\n\n\n<h2 class=\"wp-block-heading has-text-align-center font-oswald animated fadeInUp bloch2 has-text-color has-link-color wp-elements-881bfcdac7ec63d576687fcd38f8c71c\" style=\"color:#4a4a4a;margin-bottom:var(--wp--preset--spacing--30);font-size:52px;font-style:normal;font-weight:400\">Soins esth\u00e9tiques pour un sourire parfait<\/h2>\n\n\n\n<p class=\"has-text-align-center font-barlow container animated fadeInUp has-text-color has-link-color wp-elements-ecd03bcd33cb10f845b33c37b9bd2639\" style=\"color:#4a4a4a;margin-bottom:var(--wp--preset--spacing--30);font-size:21px;font-style:normal;font-weight:400\">Les soins esth\u00e9tiques dentaires combinent \u00e0 la fois l\u2019art et la science. Ils incluent toutes les manipulations qui permettent d\u2019am\u00e9liorer l\u2019apparence des dents.<\/p>\n\n\n\n<figure class=\"wp-block-image aligncenter size-full container\"><img loading=\"lazy\" decoding=\"async\" width=\"127\" height=\"30\" src=\"https:\/\/www.shop-4-your-smile.de\/wp-content\/uploads\/2024\/06\/icon-line.png\" alt=\"\" class=\"wp-image-656\"><\/figure>\n\n\n\n<div class=\"wp-block-columns is-layout-flex wp-container-core-columns-is-layout-16f88b35 wp-block-columns-is-layout-flex\" style=\"margin-top:var(--wp--preset--spacing--30);margin-bottom:0px\">\n<div class=\"wp-block-column is-layout-flow wp-block-column-is-layout-flow\">\n<div class=\"wp-block-gutenberg-custom12-animation-box-block simple\"><figure style=\"background:#000000\"><img decoding=\"async\" src=\"https:\/\/www.shop-4-your-smile.de\/wp-content\/uploads\/2024\/09\/Alignement-des-dents.webp\"><figcaption><div><li class=\"heading\" style=\"color:#ffffff;font-size:30px\">Alignement des dents<\/li><p class=\"text-content\" style=\"color:#ffffff;font-size:14px\">Pour corriger l\u2019alignement des dents, en cas de chevauchement ou d\u2019espace inter-dentaire trop important, il existe un traitement invisible et un traitement avec des bagues et des fils.<br><\/p><\/div><\/figcaption><\/figure><\/div>\n<\/div>\n\n\n\n<div class=\"wp-block-column is-layout-flow wp-block-column-is-layout-flow\">\n<div class=\"wp-block-gutenberg-custom12-animation-box-block simple\"><figure style=\"background:#000000\"><img decoding=\"async\" src=\"https:\/\/www.shop-4-your-smile.de\/wp-content\/uploads\/2024\/09\/Facettes-dentaires.webp\"><figcaption><div><li class=\"heading\" style=\"color:#ffffff;font-size:30px\">Facettes dentaires<\/li><p class=\"text-content\" style=\"color:#ffffff;font-size:14px\">Pour un sourire parfait, les facettes se collent sur la partie visible des dents afin de modifier leur couleur, leur forme ou encore leur alignement.<\/p><\/div><\/figcaption><\/figure><\/div>\n<\/div>\n\n\n\n<div class=\"wp-block-column is-layout-flow wp-block-column-is-layout-flow\">\n<div class=\"wp-block-gutenberg-custom12-animation-box-block simple\"><figure style=\"background:#000000\"><img decoding=\"async\" src=\"https:\/\/www.shop-4-your-smile.de\/wp-content\/uploads\/2024\/09\/Blanchiment-dentaire.webp\"><figcaption><div><li class=\"heading\" style=\"color:#ffffff;font-size:30px\">Blanchiment dentaire<\/li><p class=\"text-content\" style=\"color:#ffffff;font-size:14px\">Les dents jaunies sont disgracieuses. Pour avoir des dents blanches, les m\u00e9decins dentistes utilisent plusieurs techniques.<\/p><\/div><\/figcaption><\/figure><\/div>\n<\/div>\n\n\n\n<div class=\"wp-block-column is-layout-flow wp-block-column-is-layout-flow\">\n<div class=\"wp-block-gutenberg-custom12-animation-box-block simple\"><figure style=\"background:#000000\"><img decoding=\"async\" src=\"https:\/\/www.shop-4-your-smile.de\/wp-content\/uploads\/2024\/09\/Couronnes-dentaires.webp\"><figcaption><div><li class=\"heading\" style=\"color:#ffffff;font-size:30px\">Couronnes dentaires<\/li><p class=\"text-content\" style=\"color:#ffffff;font-size:14px\">Les couronnes dentaires sont des coiffes qui permettent de r\u00e9parer la partie visible des dents. Elles sont couramment utilis\u00e9es pour corriger les dents ab\u00eem\u00e9es, cass\u00e9es ou mortes.<\/p><\/div><\/figcaption><\/figure><\/div>\n<\/div>\n<\/div>\n\n\n\n<div class=\"wp-block-columns is-layout-flex wp-container-core-columns-is-layout-86527186 wp-block-columns-is-layout-flex\" style=\"margin-top:0px;margin-bottom:0px;padding-top:0px;padding-bottom:0px\">\n<div class=\"wp-block-column is-layout-flow wp-block-column-is-layout-flow\">\n<div class=\"wp-block-gutenberg-custom12-animation-box-block simple\"><figure style=\"background:#000000\"><img decoding=\"async\" src=\"https:\/\/www.shop-4-your-smile.de\/wp-content\/uploads\/2024\/09\/Implants-dentaires.webp\"><figcaption><div><li class=\"heading\" style=\"color:#ffffff;font-size:30px\">Implants dentaires<\/li><p class=\"text-content\" style=\"color:#ffffff;font-size:14px\">En cas d\u2019une ou de plusieurs dents manquantes, les dentistes encouragent le recours \u00e0 un implant dentaire. Ce dernier permet de combler le vide artificiellement.<\/p><\/div><\/figcaption><\/figure><\/div>\n<\/div>\n\n\n\n<div class=\"wp-block-column is-layout-flow wp-block-column-is-layout-flow\">\n<div class=\"wp-block-gutenberg-custom12-animation-box-block simple\"><figure style=\"background:#000000\"><img decoding=\"async\" src=\"https:\/\/www.shop-4-your-smile.de\/wp-content\/uploads\/2024\/09\/Resine-dentaire.webp\"><figcaption><div><li class=\"heading\" style=\"color:#ffffff;font-size:30px\">R\u00e9sine dentaire<\/li><p class=\"text-content\" style=\"color:#ffffff;font-size:14px\">La r\u00e9sine dentaire est utilis\u00e9e pour r\u00e9parer un dentier. Compos\u00e9e d\u2019un monom\u00e8re et d\u2019un polym\u00e8re, elle est de tr\u00e8s haute qualit\u00e9 et durable.<\/p><\/div><\/figcaption><\/figure><\/div>\n<\/div>\n\n\n\n<div class=\"wp-block-column is-layout-flow wp-block-column-is-layout-flow\">\n<div class=\"wp-block-gutenberg-custom12-animation-box-block simple\"><figure style=\"background:#000000\"><img decoding=\"async\" src=\"https:\/\/www.shop-4-your-smile.de\/wp-content\/uploads\/2024\/09\/Prothese-dentaire.webp\"><figcaption><div><li class=\"heading\" style=\"color:#ffffff;font-size:30px\">Proth\u00e8se dentaire<\/li><p class=\"text-content\" style=\"color:#ffffff;font-size:14px\">Lorsque plusieurs dents manquent, la proth\u00e8se dentaire est la meilleure solution. Un cabinet dentaire peut proposer plusieurs types de proth\u00e8ses.<\/p><\/div><\/figcaption><\/figure><\/div>\n<\/div>\n\n\n\n<div class=\"wp-block-column is-layout-flow wp-block-column-is-layout-flow\">\n<div class=\"wp-block-gutenberg-custom12-animation-box-block simple\"><figure style=\"background:#000000\"><img decoding=\"async\" src=\"https:\/\/www.shop-4-your-smile.de\/wp-content\/uploads\/2024\/09\/Technique-Invisalign.webp\"><figcaption><div><li class=\"heading\" style=\"color:#ffffff;font-size:30px\">Technique Invisalign<\/li><p class=\"text-content\" style=\"color:#ffffff;font-size:14px\">La technique invisalign est un proc\u00e9d\u00e9 qui permet d\u2019aligner les dents \u00e0 l\u2019aide de goutti\u00e8res amovibles que le patient doit porter au moins 22h par jour.<\/p><\/div><\/figcaption><\/figure><\/div>\n<\/div>\n<\/div>\n\n\n\n<div class=\"wp-block-group groupe-3 has-global-padding is-layout-constrained wp-container-core-group-is-layout-00d445a5 wp-block-group-is-layout-constrained has-background\" style=\"margin-top:0px;margin-bottom:0px;padding-top:var(--wp--preset--spacing--60);padding-bottom:var(--wp--preset--spacing--60);background-image:url('https:\/\/www.shop-4-your-smile.de\/wp-content\/uploads\/2024\/09\/Des-dents-blanches-naturellement-des-astuces-1-1.webp');background-position:50% 0;background-size:cover;\">\n<h2 class=\"wp-block-heading has-text-align-center animated zoomIn slow delay-100ms has-base-2-color has-text-color has-link-color wp-elements-c0319e1ff1c27b8339672146eee8a51c\" style=\"font-size:52px\">Des dents blanches naturellement, des astuces !<\/h2>\n\n\n\n<p class=\"has-text-align-center font-barlow container has-base-2-color has-text-color has-link-color wp-elements-04079f154b20c1d8ca7dbeb6cc260f1f\" style=\"margin-bottom:var(--wp--preset--spacing--30);font-size:20px;font-style:normal;font-weight:400\">Il existe des solutions naturelles de blanchiment \u00e0 la maison qui vous permettent d\u2019\u00e9viter de d\u00e9penser une fortune chez le dentiste.<\/p>\n\n\n\n<figure class=\"wp-block-image aligncenter size-full container\"><img loading=\"lazy\" decoding=\"async\" width=\"127\" height=\"30\" src=\"https:\/\/www.shop-4-your-smile.de\/wp-content\/uploads\/2024\/06\/icon-line2-1.png\" alt=\"\" class=\"wp-image-673\"><\/figure>\n\n\n\n<p class=\"animated fadeIn fast has-base-2-color has-text-color has-link-color wp-elements-4e4e0267e528577370d2753c87a87825\" style=\"margin-bottom:var(--wp--preset--spacing--30);font-size:20px\">Le citron est le premier alli\u00e9 pour avoir des dents plus blanches. En effet, l\u2019acide citrique aide \u00e0 lutter contre le tartre qui est une des causes du jaunissement des dents. Le bicarbonate de soude permet \u00e9galement de retrouver la couleur naturelle des dents. C\u2019est un d\u00e9tartrant naturel reconnu gr\u00e2ce \u00e0 ses propri\u00e9t\u00e9s douces qui r\u00e9duisent la plaque dentaire et lissent l\u2019\u00e9mail des dents. Le bicarbonate de soude contribue \u00e9galement \u00e0 assainir la bouche et \u00e0 pr\u00e9venir la formation de caries. L\u2019huile essentielle de tea-tree, appel\u00e9e \u00e9galement Melaleuca, figure \u00e9galement parmi les m\u00e9thodes de blanchiment naturelles. Il aide \u00e0 blanchir les dents, mais contribue \u00e9galement \u00e0 assainir la zone buccale. Enfin, le charbon v\u00e9g\u00e9tal est aussi une des meilleures astuces pour blanchir les dents naturellement.<\/p>\n<\/div>\n\n\n\n<div class=\"wp-block-group is-vertical is-content-justification-stretch is-nowrap is-layout-flex wp-container-core-group-is-layout-5a9d514c wp-block-group-is-layout-flex\">\n<div class=\"html-A\"><\/div>\n<\/div>\n\n\n\n<div class=\"wp-block-columns container bloc is-layout-flex wp-container-core-columns-is-layout-66165ae6 wp-block-columns-is-layout-flex\" style=\"margin-top:0px;margin-bottom:var(--wp--preset--spacing--50)\">\n<div class=\"wp-block-column is-vertically-aligned-stretch is-layout-flow wp-block-column-is-layout-flow\" style=\"padding-right:0;padding-left:0;flex-basis:50%\">\n<div class=\"wp-block-group is-content-justification-center is-nowrap is-layout-flex wp-container-core-group-is-layout-23441af8 wp-block-group-is-layout-flex has-background\" style=\"min-height:700px;background-image:url('https:\/\/www.shop-4-your-smile.de\/wp-content\/uploads\/2024\/09\/Comment-choisir-sa-brosse-a-dents.webp');background-position:50% 50%;background-repeat:no-repeat;background-size:contain;\">\n<h2 class=\"wp-block-heading has-text-align-center animated zoomIn slow delay-100ms has-text-color has-link-color wp-elements-c49f5e80c1cf2cb6ba2b517c476f38cd\" style=\"color:#45c0d6;padding-right:var(--wp--preset--spacing--50);padding-left:var(--wp--preset--spacing--50);font-size:52px\">Comment choisir sa brosse \u00e0 dents ?<\/h2>\n<\/div>\n<\/div>\n\n\n\n<div class=\"wp-block-column is-vertically-aligned-center is-layout-flow wp-block-column-is-layout-flow\" style=\"padding-top:var(--wp--preset--spacing--60);padding-right:var(--wp--preset--spacing--30);padding-bottom:var(--wp--preset--spacing--60);padding-left:var(--wp--preset--spacing--30);flex-basis:50%\">\n<p class=\"animated zoomIn slow delay-100ms\" style=\"font-size:20px;font-style:normal;font-weight:400\">La brosse \u00e0 dents est l\u2019un des \u00e9l\u00e9ments essentiels pour une bonne hygi\u00e8ne bucco-dentaire. Pour bien la choisir, il faut prendre en compte la t\u00eate de la brosse, la hauteur des poils ainsi que leur souplesse et le manche qui doit \u00eatre confortable.<\/p>\n<\/div>\n<\/div>\n","protected":false},"excerpt":{"rendered":"<p>Comment avoir un beau sourire au quotidien Il existe quelques astuces et recommandations pour avoir un beau sourire au quotidien. Soins dentaires, les tendances ! Comme tous les march\u00e9s, celui des soins dentaires conna\u00eet aussi des tendances. Aujourd\u2019hui, la pose&#8230;<\/p>\n","protected":false},"author":1,"featured_media":0,"parent":0,"menu_order":0,"comment_status":"closed","ping_status":"closed","template":"","meta":{"footnotes":""},"class_list":["post-653","page","type-page","status-publish","hentry"],"_links":{"self":[{"href":"https:\/\/www.shop-4-your-smile.de\/fr\/wp-json\/wp\/v2\/pages\/653","targetHints":{"allow":["GET"]}}],"collection":[{"href":"https:\/\/www.shop-4-your-smile.de\/fr\/wp-json\/wp\/v2\/pages"}],"about":[{"href":"https:\/\/www.shop-4-your-smile.de\/fr\/wp-json\/wp\/v2\/types\/page"}],"author":[{"embeddable":true,"href":"https:\/\/www.shop-4-your-smile.de\/fr\/wp-json\/wp\/v2\/users\/1"}],"replies":[{"embeddable":true,"href":"https:\/\/www.shop-4-your-smile.de\/fr\/wp-json\/wp\/v2\/comments?post=653"}],"version-history":[{"count":17,"href":"https:\/\/www.shop-4-your-smile.de\/fr\/wp-json\/wp\/v2\/pages\/653\/revisions"}],"predecessor-version":[{"id":786,"href":"https:\/\/www.shop-4-your-smile.de\/fr\/wp-json\/wp\/v2\/pages\/653\/revisions\/786"}],"wp:attachment":[{"href":"https:\/\/www.shop-4-your-smile.de\/fr\/wp-json\/wp\/v2\/media?parent=653"}],"curies":[{"name":"wp","href":"https:\/\/api.w.org\/{rel}","templated":true}]}}